{"id":68,"date":"2020-06-02T01:44:20","date_gmt":"2020-06-02T01:44:20","guid":{"rendered":"http:\/\/royaloaktennisclub.com\/?page_id=68"},"modified":"2022-07-05T16:14:45","modified_gmt":"2022-07-05T16:14:45","slug":"clinics","status":"publish","type":"page","link":"https:\/\/royaloaktennisclub.com\/english\/programs-lessons\/clinics\/","title":{"rendered":"Clinics"},"content":{"rendered":"\n<figure class=\"wp-block-image aligncenter size-full is-resized\"><a href=\"https:\/\/royaloaktennisclub.com\/wp-content\/uploads\/2022\/07\/Untitled-design-52.png\"><img fetchpriority=\"high\" decoding=\"async\" src=\"https:\/\/royaloaktennisclub.com\/wp-content\/uploads\/2022\/07\/Untitled-design-52.png\" alt=\"\" class=\"wp-image-4231\" width=\"485\" height=\"406\"\/><\/a><\/figure>\n\n\n\n<h2 class=\"wp-block-heading\">Cardio Tennis<\/h2>\n\n\n\n<p class=\"has-light-gray-color has-medium-gray-background-color has-text-color has-background\">Cardio Tennis, Wednesday 6:00-7:00 $10.00 per person minimum 6 players Lower Courts. Cardio Tennis is an engaging group fitness program featuring the heart-pumping effects of tennis drills, and skills delivering the ultimate full body and calorie-burning aerobic and anaerobic workout. All done to music!<\/p>\n\n\n\n<p class=\"has-light-gray-color has-green-background-color has-text-color has-background\">Cardio Tennis, mercredi 6:00-7:00 $10.00 par personne minimum 6 joueurs Courts inf\u00e9rieurs. Le cardio-tennis est un programme de conditionnement physique de groupe engageant qui met en vedette les effets stimulants des exercices et des habilet\u00e9s du tennis pour un entra\u00eenement a\u00e9robique et ana\u00e9robique ultime qui br\u00fble les calories de tout le corps. Le tout en musique !<\/p>\n\n\n\n<figure class=\"wp-block-image aligncenter size-full is-resized\"><a href=\"https:\/\/royaloaktennisclub.com\/wp-content\/uploads\/2022\/07\/Untitled-design-51.png\"><img decoding=\"async\" src=\"https:\/\/royaloaktennisclub.com\/wp-content\/uploads\/2022\/07\/Untitled-design-51.png\" alt=\"\" class=\"wp-image-4232\" width=\"506\" height=\"423\"\/><\/a><\/figure>\n\n\n\n<h2 class=\"wp-block-heading\">Strategic Tennis Strat\u00e9gique<\/h2>\n\n\n\n<p class=\"has-light-gray-color has-medium-gray-background-color has-text-color has-background\"><br>Strategic tennis\u00a0Wednesday 7:00-9:00\u00a0$20.00 per person minimum 6 players Lower Courts. Want to out-rally your opponent?\u00a0 Learn how to hit a winner? The Wednesday night Tactical clinic is the spot!\u00a0\u00a0Learn how to create point and game plans in this super fun game-based approach clinic.<\/p>\n\n\n\n<p class=\"has-light-gray-color has-green-background-color has-text-color has-background\">Tennis strat\u00e9gique Mercredi 7:00-9:00 $20.00 par personne minimum 6 joueurs Courts inf\u00e9rieurs. Vous voulez surpasser votre adversaire ?\u00a0 Apprendre \u00e0 frapper un gagnant ? La clinique tactique du mercredi soir est l&#8217;endroit id\u00e9al !\u00a0\u00a0Apprenez \u00e0 cr\u00e9er des points et des plans de jeu dans cette clinique d&#8217;approche bas\u00e9e sur le jeu super amusante.<\/p>\n\n\n\n<p><\/p>\n","protected":false},"excerpt":{"rendered":"<p>Cardio Tennis Cardio Tennis, Wednesday 6:00-7:00 $10.00 per person minimum 6 players Lower Courts. Cardio Tennis is an engaging group fitness program featuring the heart-pumping effects of tennis drills, and skills delivering the ultimate full body and calorie-burning aerobic and anaerobic workout. All done to music! Cardio Tennis, mercredi 6:00-7:00 $10.00 par personne minimum 6 [&hellip;]<\/p>\n","protected":false},"author":1,"featured_media":0,"parent":62,"menu_order":0,"comment_status":"closed","ping_status":"open","template":"","meta":{"footnotes":""},"class_list":["post-68","page","type-page","status-publish","hentry"],"_links":{"self":[{"href":"https:\/\/royaloaktennisclub.com\/english\/wp-json\/wp\/v2\/pages\/68","targetHints":{"allow":["GET"]}}],"collection":[{"href":"https:\/\/royaloaktennisclub.com\/english\/wp-json\/wp\/v2\/pages"}],"about":[{"href":"https:\/\/royaloaktennisclub.com\/english\/wp-json\/wp\/v2\/types\/page"}],"author":[{"embeddable":true,"href":"https:\/\/royaloaktennisclub.com\/english\/wp-json\/wp\/v2\/users\/1"}],"replies":[{"embeddable":true,"href":"https:\/\/royaloaktennisclub.com\/english\/wp-json\/wp\/v2\/comments?post=68"}],"version-history":[{"count":13,"href":"https:\/\/royaloaktennisclub.com\/english\/wp-json\/wp\/v2\/pages\/68\/revisions"}],"predecessor-version":[{"id":4233,"href":"https:\/\/royaloaktennisclub.com\/english\/wp-json\/wp\/v2\/pages\/68\/revisions\/4233"}],"up":[{"embeddable":true,"href":"https:\/\/royaloaktennisclub.com\/english\/wp-json\/wp\/v2\/pages\/62"}],"wp:attachment":[{"href":"https:\/\/royaloaktennisclub.com\/english\/wp-json\/wp\/v2\/media?parent=68"}],"curies":[{"name":"wp","href":"https:\/\/api.w.org\/{rel}","templated":true}]}}