{"id":106,"date":"2019-06-18T15:16:02","date_gmt":"2019-06-18T15:16:02","guid":{"rendered":"http:\/\/royaloaktennisclub.com\/?page_id=106"},"modified":"2022-07-14T15:11:29","modified_gmt":"2022-07-14T15:11:29","slug":"meet-our-pros","status":"publish","type":"page","link":"https:\/\/royaloaktennisclub.com\/french\/meet-our-pros\/","title":{"rendered":"Pros and Lessons"},"content":{"rendered":"<p>Nous sommes tr\u00e8s fiers de nos clubs pros ROTC comp\u00e9tents, Niels et Steven.<strong>Tous deux sont des instructeurs certifi\u00e9s par Tennis Canada.<\/strong> Nous sommes \u00e9galement ravis que les deux jeunes hommes et leurs familles soient des membres de longue date du club, ce qui devrait inspirer certains de nos membres juniors !<\/p>\n\n\n\n<hr class=\"wp-block-separator has-alpha-channel-opacity\"\/>\n\n\n\n<p>Nous sommes tr\u00e8s fiers de continuer \u00e0 avoir nos instructeurs professionnels et comp\u00e9tents, Niels et Steven, au Club. <strong>Tous deux sont des instructeurs certifi\u00e9s de Tennis Canada.<\/strong> Nous sommes \u00e9galement ravis que les jeunes hommes et leurs familles soient des membres de longue date du club, ce qui devrait inspirer certains de nos membres juniors!\u00a0<\/p>\n\n\n\n<h2 class=\"has-text-align-center wp-block-heading\"><strong>Niels Van Noord<\/strong><\/h2>\n\n\n\n<figure class=\"wp-block-image aligncenter size-medium\"><a href=\"https:\/\/royaloaktennisclub.com\/wp-content\/uploads\/2022\/07\/Niels.jpg\"><img fetchpriority=\"high\" decoding=\"async\" width=\"300\" height=\"290\" src=\"https:\/\/royaloaktennisclub.com\/wp-content\/uploads\/2022\/07\/Niels-300x290.jpg\" alt=\"\" class=\"wp-image-4236\" srcset=\"https:\/\/royaloaktennisclub.com\/wp-content\/uploads\/2022\/07\/Niels-300x290.jpg 300w, https:\/\/royaloaktennisclub.com\/wp-content\/uploads\/2022\/07\/Niels-1024x991.jpg 1024w, https:\/\/royaloaktennisclub.com\/wp-content\/uploads\/2022\/07\/Niels-768x743.jpg 768w, https:\/\/royaloaktennisclub.com\/wp-content\/uploads\/2022\/07\/Niels.jpg 1116w\" sizes=\"(max-width: 300px) 100vw, 300px\" \/><\/a><\/figure>\n\n\n\n<p><strong>Niels<\/strong>&nbsp;joined the Royal Oak Tennis Club at 5 years old as a member of the Junior Program and won multiple awards for his performance, including the Men\u2019s Championship. He began competing at the provincial and national levels at the age of 10; at age 12, he was competing at an international level. He was invited to join the Tennis Quebec team where he remained for 8 years. He also joined the Tennis Canada team where he remained for 6 years. During this time, he traveled across the world and held a top 3 position in the country for years.<\/p>\n\n\n\n<p>Niels is currently on an NCAA tennis scholarship at Monmouth University in New Jersey where he studies Business. He plays position 1 on his team and already holds some of the University\u2019s tennis records. He was named player of the week twice this past semester.<\/p>\n\n\n\n<p>In 2016, Niels completed his tennis instructor course with Tennis Canada. He has been working as an instructor at Royal Oak for over 5 years.<\/p>\n\n\n\n<p>Besides tennis, Niels has also competed as a soccer and water polo player.<\/p>\n\n\n\n<p>Niels is excited to be back at the Royal Oak Tennis Club this summer \u2013 he looks forward to seeing seasoned members and meeting new ones!<\/p>\n\n\n\n<hr class=\"wp-block-separator has-alpha-channel-opacity\"\/>\n\n\n\n<p><strong>Niels <\/strong>a rejoint le Royal Oak Tennis Club \u00e0 l\u2019\u00e2ge de 5 ans en tant que membre du programme junior et a remport\u00e9 plusieurs prix pour ses performances, y compris le championnat masculin. Il a commenc\u00e9 \u00e0 concourir aux niveaux provincial et national \u00e0 l\u2019\u00e2ge de 10 ans. D\u00e8s l\u2019\u00e2ge de 12 ans, il comp\u00e9titionnne\u00a0au niveau international. Il a \u00e9t\u00e9 invit\u00e9 \u00e0 se joindre \u00e0 l\u2019\u00e9quipe de Tennis Qu\u00e9bec o\u00f9 il y est demeur\u00e9 pendant 8 ans. Il s\u2019est \u00e9galement joint \u00e0 l\u2019\u00e9quipe de Tennis Canada o\u00f9 il a fait\u00a0partie durant 6 ans. Pendant ce temps, il a voyag\u00e9 \u00e0 travers le monde et a occup\u00e9 une position dans le top 3 au Canada pendant des ann\u00e9es.<\/p>\n\n\n\n<p>Niels est actuellement boursier de tennis NCAA \u00e0 l\u2019Universit\u00e9 Monmouth dans le New Jersey o\u00f9 il \u00e9tudie l&#8217;administration des affaires. Il joue \u00e0 la position 1 de son \u00e9quipe et d\u00e9tient d\u00e9j\u00e0 certains des records de tennis de l\u2019Universit\u00e9. Il a \u00e9t\u00e9 nomm\u00e9 joueur de la semaine \u00e0 deux reprises au cours du dernier semestre. En 2016, Niels a termin\u00e9 son cours d\u2019instructeur de tennis avec Tennis Canada. Il travaille comme instructeur \u00e0 Royal Oak depuis plus de 5 ans.&nbsp;Outre le tennis, Niels a \u00e9galement concouru en tant que joueur de football et de water-polo.&nbsp;Niels est ravi d\u2019\u00eatre de retour au Royal Oak Tennis Club cet \u00e9t\u00e9 \u2013 il a h\u00e2te de voir de rencontrer les membres qui y sont depuis longtemps et de rencontrer les nouveaux membres!<\/p>\n\n\n\n<p><\/p>\n\n\n\n<h2 class=\"has-text-align-center wp-block-heading\"><em>Steven McCartney<\/em><\/h2>\n\n\n\n<figure class=\"wp-block-image aligncenter size-medium\"><a href=\"https:\/\/royaloaktennisclub.com\/wp-content\/uploads\/2022\/07\/steven.jpg\"><img decoding=\"async\" width=\"203\" height=\"300\" src=\"https:\/\/royaloaktennisclub.com\/wp-content\/uploads\/2022\/07\/steven-203x300.jpg\" alt=\"\" class=\"wp-image-4237\" srcset=\"https:\/\/royaloaktennisclub.com\/wp-content\/uploads\/2022\/07\/steven-203x300.jpg 203w, https:\/\/royaloaktennisclub.com\/wp-content\/uploads\/2022\/07\/steven-692x1024.jpg 692w, https:\/\/royaloaktennisclub.com\/wp-content\/uploads\/2022\/07\/steven-768x1137.jpg 768w, https:\/\/royaloaktennisclub.com\/wp-content\/uploads\/2022\/07\/steven.jpg 828w\" sizes=\"(max-width: 203px) 100vw, 203px\" \/><\/a><\/figure>\n\n\n\n<p><strong>Steven<\/strong>&nbsp;first played tennis at age 5 and joined the Royal Oak Tennis Club a few years later in 2009. He has competed in provincial and national tournaments&nbsp;and spent most of his junior career within the top 30 players in Quebec.<\/p>\n\n\n\n<p>Steven is currently studying&nbsp;Engineering at McGill&nbsp;University and is the captain of the McGill Tennis Team.<\/p>\n\n\n\n<p>Steven has been coaching tennis since&nbsp;2016 and enjoys working with kids and adults alike. Steven is always up to date about the tennis world and shares his enthusiasm with his students.<\/p>\n\n\n\n<p>Off the court, Steven enjoys playing golf and chess. He is enjoying another fun Summer at the\u00a0\u00a0Royal Oak Tennis Club!<\/p>\n\n\n\n<hr class=\"wp-block-separator has-alpha-channel-opacity\"\/>\n\n\n\n<p><strong>Steven<\/strong> a jou\u00e9 au tennis pour la premi\u00e8re fois \u00e0 l\u2019\u00e2ge de 5 ans et a joint le Royal Oak Tennis Club quelques ann\u00e9es plus tard en 2009. Il a particip\u00e9 \u00e0 des tournois provinciaux et nationaux et a pass\u00e9 la majeure partie de sa carri\u00e8re junior parmi les 30 meilleurs joueurs du Qu\u00e9bec. Steven \u00e9tudie actuellement l\u2019ing\u00e9nierie \u00e0 l\u2019Universit\u00e9 McGill et est le capitaine de l\u2019\u00e9quipe de tennis de McGill.\u00a0Steven est entra\u00eeneur de tennis depuis 2016 et aime travailler avec les enfants et les adultes. Steven est toujours \u00e0 la fine pointe en mati\u00e8re de tennis et partage son enthousiasme avec ses \u00e9tudiants.<\/p>\n\n\n\n<p>\u00c0 l&#8217;ext\u00e9rieur du terrain, Steven aime jouer au golf et aux \u00e9checs. Il profite d\u2019un autre \u00e9t\u00e9 tr\u00e8s agr\u00e9able au Royal Oak Tennis Club!<\/p>\n\n\n\n<h2 class=\"has-text-align-center wp-block-heading\">In Addition&#8230;En Plus&#8230;<\/h2>\n\n\n\n<p>In addition to having these two young men on the courts for JD instruction, private lessons and clinics and our social events, they offer:<\/p>\n\n\n\n<ul class=\"wp-block-list\"><li>racquet&nbsp;stringing<\/li><li>replacement&nbsp;of grips<\/li><li>purchase&nbsp;tennis balls from the pro shop for $5.00<\/li><\/ul>\n\n\n\n<p>Lessons&nbsp;<\/p>\n\n\n\n<p><strong>Senior and Intermediate<\/strong><\/p>\n\n\n\n<p>Full Bucket of Balls Upper courts (unless lower are very quiet)<\/p>\n\n\n\n<ul class=\"wp-block-list\"><li>1 person $50.00<\/li><li>2 people $60.00<\/li><li>3 people $70.00<\/li><li>4 people $80.00<\/li><\/ul>\n\n\n\n<p><strong>Hitting Lesson<\/strong><\/p>\n\n\n\n<ul class=\"wp-block-list\"><li>3 Balls&nbsp;only lower court&nbsp;<\/li><li>1 person&nbsp;$40.00<\/li><li>2 people $50.00<\/li><li>3 people $60.00<\/li><li>4 people $70.00<\/li><\/ul>\n\n\n\n<p><strong>Junior Lessons<\/strong><\/p>\n\n\n\n<ul class=\"wp-block-list\"><li>1 junior $40.00<\/li><li>2 Juniors $50.00<\/li><li>3 Juniors $60.00<\/li><li>4 Juniors $70.00<\/li><\/ul>\n\n\n\n<p class=\"has-text-align-left\"><strong>Contact<\/strong><\/p>\n\n\n\n<p class=\"has-text-align-left\"><strong>Niels&nbsp;<\/strong><\/p>\n\n\n\n<p class=\"has-text-align-left\"><strong>text: 514-622-2721<\/strong><\/p>\n\n\n\n<p class=\"has-text-align-left\"><strong>courriel :&nbsp;<\/strong><a href=\"mailto:nielspetervannoord@gmail.com\"><strong>nielspetervannoor<\/strong>d@gmail.com<\/a><\/p>\n\n\n\n<p class=\"has-text-align-left\"><strong>Steven<\/strong><\/p>\n\n\n\n<p><strong>text: 438-496-1172<\/strong><\/p>\n\n\n\n<p class=\"has-text-align-left\"><strong>courriel :\u00a0<\/strong><a href=\"mailto:steven.mccartney.0@gmail.com\"><strong>steven.mccartney.0@gmail.com<\/strong><\/a><\/p>\n\n\n\n<hr class=\"wp-block-separator has-alpha-channel-opacity\"\/>\n\n\n\n<hr class=\"wp-block-separator has-alpha-channel-opacity\"\/>\n\n\n\n<p>En plus d\u2019avoir ces deux jeunes hommes sur les courts pour l\u2019enseignement du programme junior, des cours, des cliniques priv\u00e9es et nos \u00e9v\u00e9nements sociaux, ces derniers offrent:<\/p>\n\n\n\n<p>cordage de raquette<br>remplacement des poign\u00e9es<br>achat des balles de tennis au pro shop pour 5,00 $<\/p>\n\n\n\n<p><strong><u>Le\u00e7ons<\/u><\/strong><\/p>\n\n\n\n<p><strong>Adulte et Interm\u00e9diaire<\/strong><\/p>\n\n\n\n<p>Seau plein de balles; courts 5-6&nbsp;<br>1 personne $50.00<br>2 personnes $60.00<br>3 personnes $70.00<br>4 personnes $80.00<\/p>\n\n\n\n<p><strong>Le\u00e7on de frappe<\/strong><br>3 Balles seulement; courts 1-4&nbsp;<br>1 personne $40.00<br>2 personnes $50.00<br>3 personnes $60.00<br>4 personnes $70.00<\/p>\n\n\n\n<p><strong>Cours Junior<\/strong><\/p>\n\n\n\n<p>1 junior 40,00 $<br>2 Juniors 50,00 $<br>3 Juniors 60,00 $<br>4 Juniors 70,00 $<\/p>\n\n\n\n<p><\/p>\n\n\n\n<p><\/p>\n\n\n\n<p class=\"has-text-align-left\"><strong>Contact<\/strong><\/p>\n\n\n\n<p class=\"has-text-align-left\"><strong>Niels\u00a0<\/strong><\/p>\n\n\n\n<p class=\"has-text-align-left\"><strong>text: 514-622-2721<\/strong><\/p>\n\n\n\n<p class=\"has-text-align-left\"><strong>courriel :\u00a0<\/strong><a href=\"mailto:nielspetervannoord@gmail.com\"><strong>nielspetervannoor<\/strong>d@gmail.com<\/a><\/p>\n\n\n\n<p class=\"has-text-align-left\"><strong>Steven<\/strong><\/p>\n\n\n\n<p><strong>text: 438-496-1172<\/strong><\/p>\n\n\n\n<p class=\"has-text-align-left\"><strong>courriel :\u00a0<a rel=\"noreferrer noopener\" href=\"mailto:steven.mccartney.0@gmail.com\" target=\"_blank\">steven.mccartney.0@gmail.com<\/a><\/strong><\/p>\n\n\n\n<hr class=\"wp-block-separator has-alpha-channel-opacity\"\/>","protected":false},"excerpt":{"rendered":"<p>We are very proud of our competent ROTC Club Pros, Niels and Steven. Both are certified instructors\u00a0with Tennis Canada. We are also delighted that both young men and their families have been long-term members of the club which should inspire some of our junior\u00a0members! Nous sommes tr\u00e8s fiers de continuer \u00e0 avoir nos instructeurs professionnels [&hellip;]<\/p>\n","protected":false},"author":4183,"featured_media":0,"parent":0,"menu_order":0,"comment_status":"closed","ping_status":"open","template":"","meta":{"footnotes":""},"class_list":["post-106","page","type-page","status-publish","hentry"],"_links":{"self":[{"href":"https:\/\/royaloaktennisclub.com\/french\/wp-json\/wp\/v2\/pages\/106","targetHints":{"allow":["GET"]}}],"collection":[{"href":"https:\/\/royaloaktennisclub.com\/french\/wp-json\/wp\/v2\/pages"}],"about":[{"href":"https:\/\/royaloaktennisclub.com\/french\/wp-json\/wp\/v2\/types\/page"}],"author":[{"embeddable":true,"href":"https:\/\/royaloaktennisclub.com\/french\/wp-json\/wp\/v2\/users\/4183"}],"replies":[{"embeddable":true,"href":"https:\/\/royaloaktennisclub.com\/french\/wp-json\/wp\/v2\/comments?post=106"}],"version-history":[{"count":27,"href":"https:\/\/royaloaktennisclub.com\/french\/wp-json\/wp\/v2\/pages\/106\/revisions"}],"predecessor-version":[{"id":4238,"href":"https:\/\/royaloaktennisclub.com\/french\/wp-json\/wp\/v2\/pages\/106\/revisions\/4238"}],"wp:attachment":[{"href":"https:\/\/royaloaktennisclub.com\/french\/wp-json\/wp\/v2\/media?parent=106"}],"curies":[{"name":"wp","href":"https:\/\/api.w.org\/{rel}","templated":true}]}}