{"id":4160,"date":"2022-05-13T18:12:08","date_gmt":"2022-05-13T18:12:08","guid":{"rendered":"https:\/\/royaloaktennisclub.com\/?page_id=4160"},"modified":"2022-05-13T18:12:08","modified_gmt":"2022-05-13T18:12:08","slug":"social","status":"publish","type":"page","link":"https:\/\/royaloaktennisclub.com\/french\/programs-lessons\/social\/","title":{"rendered":"Social"},"content":{"rendered":"<div class=\"wp-block-image\"><figure class=\"aligncenter size-full\"><a href=\"https:\/\/royaloaktennisclub.com\/wp-content\/uploads\/2022\/05\/36316782_2241000112608411_7083417664093159424_n.png\"><img fetchpriority=\"high\" decoding=\"async\" width=\"268\" height=\"272\" src=\"https:\/\/royaloaktennisclub.com\/wp-content\/uploads\/2022\/05\/36316782_2241000112608411_7083417664093159424_n.png\" alt=\"\" class=\"wp-image-4162\"\/><\/a><\/figure><\/div>\n\n\n\n<p>\u00c9v\u00e9nements Sociaux<\/p>\n\n\n\n<p>Known for our Friday night barbecues and round robins, Stay tuned for this year\u2019s exciting schedule<\/p>\n\n\n\n<p>Club Championships TBA<\/p>\n\n\n\n<div class=\"wp-block-image\"><figure class=\"aligncenter size-full\"><a href=\"https:\/\/royaloaktennisclub.com\/wp-content\/uploads\/2022\/05\/67389835_3034532049921876_9019958120813690880_n.jpg\"><img decoding=\"async\" width=\"960\" height=\"720\" src=\"https:\/\/royaloaktennisclub.com\/wp-content\/uploads\/2022\/05\/67389835_3034532049921876_9019958120813690880_n.jpg\" alt=\"\" class=\"wp-image-4161\" srcset=\"https:\/\/royaloaktennisclub.com\/wp-content\/uploads\/2022\/05\/67389835_3034532049921876_9019958120813690880_n.jpg 960w, https:\/\/royaloaktennisclub.com\/wp-content\/uploads\/2022\/05\/67389835_3034532049921876_9019958120813690880_n-300x225.jpg 300w, https:\/\/royaloaktennisclub.com\/wp-content\/uploads\/2022\/05\/67389835_3034532049921876_9019958120813690880_n-768x576.jpg 768w\" sizes=\"(max-width: 960px) 100vw, 960px\" \/><\/a><\/figure><\/div>\n\n\n\n<p><strong>\u00c9v\u00e9nements social<\/strong><\/p>\n\n\n\n<p>Connu pour nos barbecues du vendredi soir et nos tournois \u00e0 la ronde, restez \u00e0 l\u2019\u00e9coute pour le programme passionnant de cette ann\u00e9e<\/p>\n\n\n\n<p>Championnats des clubs \u00e0 confirmer<\/p>","protected":false},"excerpt":{"rendered":"<p>Social Events Known for our Friday night barbecues and round robins, Stay tuned for this year\u2019s exciting schedule Club Championships TBA \u00c9v\u00e9nements social Connu pour nos barbecues du vendredi soir et nos tournois \u00e0 la ronde, restez \u00e0 l\u2019\u00e9coute pour le programme passionnant de cette ann\u00e9e Championnats des clubs \u00e0 confirmer<\/p>","protected":false},"author":4183,"featured_media":0,"parent":62,"menu_order":0,"comment_status":"closed","ping_status":"closed","template":"","meta":{"footnotes":""},"class_list":["post-4160","page","type-page","status-publish","hentry"],"_links":{"self":[{"href":"https:\/\/royaloaktennisclub.com\/french\/wp-json\/wp\/v2\/pages\/4160","targetHints":{"allow":["GET"]}}],"collection":[{"href":"https:\/\/royaloaktennisclub.com\/french\/wp-json\/wp\/v2\/pages"}],"about":[{"href":"https:\/\/royaloaktennisclub.com\/french\/wp-json\/wp\/v2\/types\/page"}],"author":[{"embeddable":true,"href":"https:\/\/royaloaktennisclub.com\/french\/wp-json\/wp\/v2\/users\/4183"}],"replies":[{"embeddable":true,"href":"https:\/\/royaloaktennisclub.com\/french\/wp-json\/wp\/v2\/comments?post=4160"}],"version-history":[{"count":1,"href":"https:\/\/royaloaktennisclub.com\/french\/wp-json\/wp\/v2\/pages\/4160\/revisions"}],"predecessor-version":[{"id":4163,"href":"https:\/\/royaloaktennisclub.com\/french\/wp-json\/wp\/v2\/pages\/4160\/revisions\/4163"}],"up":[{"embeddable":true,"href":"https:\/\/royaloaktennisclub.com\/french\/wp-json\/wp\/v2\/pages\/62"}],"wp:attachment":[{"href":"https:\/\/royaloaktennisclub.com\/french\/wp-json\/wp\/v2\/media?parent=4160"}],"curies":[{"name":"wp","href":"https:\/\/api.w.org\/{rel}","templated":true}]}}