{"id":4464,"date":"2023-03-07T16:11:00","date_gmt":"2023-03-07T16:11:00","guid":{"rendered":"https:\/\/royaloaktennisclub.com\/?page_id=4464"},"modified":"2026-03-30T21:22:42","modified_gmt":"2026-03-30T21:22:42","slug":"tennis","status":"publish","type":"page","link":"https:\/\/royaloaktennisclub.com\/french\/tennis\/","title":{"rendered":"Tennis"},"content":{"rendered":"<div data-elementor-type=\"wp-page\" data-elementor-id=\"4464\" class=\"elementor elementor-4464\">\n\t\t\t\t\t\t<section class=\"elementor-section elementor-top-section elementor-element elementor-element-ee7e26e elementor-section-content-space-around elementor-section-boxed elementor-section-height-default elementor-section-height-default\" data-id=\"ee7e26e\" data-element_type=\"section\">\n\t\t\t\t\t\t<div class=\"elementor-container elementor-column-gap-default\">\n\t\t\t\t\t<div class=\"elementor-column elementor-col-50 elementor-top-column elementor-element elementor-element-78b1c2d\" data-id=\"78b1c2d\" data-element_type=\"column\">\n\t\t\t<div class=\"elementor-widget-wrap elementor-element-populated\">\n\t\t\t\t\t\t<div class=\"elementor-element elementor-element-d6cfb48 elementor-widget elementor-widget-image\" data-id=\"d6cfb48\" data-element_type=\"widget\" data-settings=\"{&quot;_animation_mobile&quot;:&quot;pulse&quot;}\" data-widget_type=\"image.default\">\n\t\t\t\t<div class=\"elementor-widget-container\">\n\t\t\t\t\t\t\t\t\t\t\t\t\t\t\t\t<a href=\"https:\/\/royaloaktennisclub.com\/french\/\">\n\t\t\t\t\t\t\t<img fetchpriority=\"high\" decoding=\"async\" width=\"800\" height=\"673\" src=\"https:\/\/royaloaktennisclub.com\/wp-content\/uploads\/2022\/04\/rotc-Logo-1909-Master-1024x861.png\" class=\"attachment-large size-large wp-image-3969\" alt=\"Royal Oak Tennis Club Logo\" srcset=\"https:\/\/royaloaktennisclub.com\/wp-content\/uploads\/2022\/04\/rotc-Logo-1909-Master-1024x861.png 1024w, https:\/\/royaloaktennisclub.com\/wp-content\/uploads\/2022\/04\/rotc-Logo-1909-Master-300x252.png 300w, https:\/\/royaloaktennisclub.com\/wp-content\/uploads\/2022\/04\/rotc-Logo-1909-Master-768x646.png 768w, https:\/\/royaloaktennisclub.com\/wp-content\/uploads\/2022\/04\/rotc-Logo-1909-Master.png 1237w\" sizes=\"(max-width: 800px) 100vw, 800px\" \/>\t\t\t\t\t\t\t\t<\/a>\n\t\t\t\t\t\t\t\t\t\t\t\t\t\t\t<\/div>\n\t\t\t\t<\/div>\n\t\t\t\t\t<\/div>\n\t\t<\/div>\n\t\t\t\t<div class=\"elementor-column elementor-col-50 elementor-top-column elementor-element elementor-element-c35712d\" data-id=\"c35712d\" data-element_type=\"column\">\n\t\t\t<div class=\"elementor-widget-wrap elementor-element-populated\">\n\t\t\t\t\t\t<div class=\"elementor-element elementor-element-96790f0 hfe-nav-menu__align-center elementor-widget-tablet__width-initial hfe-submenu-icon-arrow hfe-submenu-animation-none hfe-link-redirect-child hfe-nav-menu__breakpoint-tablet elementor-widget elementor-widget-navigation-menu\" data-id=\"96790f0\" data-element_type=\"widget\" data-settings=\"{&quot;padding_horizontal_menu_item&quot;:{&quot;unit&quot;:&quot;px&quot;,&quot;size&quot;:4,&quot;sizes&quot;:[]},&quot;padding_vertical_menu_item&quot;:{&quot;unit&quot;:&quot;px&quot;,&quot;size&quot;:13,&quot;sizes&quot;:[]},&quot;menu_space_between&quot;:{&quot;unit&quot;:&quot;px&quot;,&quot;size&quot;:20,&quot;sizes&quot;:[]},&quot;padding_horizontal_menu_item_mobile&quot;:{&quot;unit&quot;:&quot;px&quot;,&quot;size&quot;:39,&quot;sizes&quot;:[]},&quot;padding_vertical_menu_item_mobile&quot;:{&quot;unit&quot;:&quot;px&quot;,&quot;size&quot;:22,&quot;sizes&quot;:[]},&quot;menu_row_space&quot;:{&quot;unit&quot;:&quot;px&quot;,&quot;size&quot;:0,&quot;sizes&quot;:[]},&quot;padding_horizontal_menu_item_tablet&quot;:{&quot;unit&quot;:&quot;px&quot;,&quot;size&quot;:&quot;&quot;,&quot;sizes&quot;:[]},&quot;padding_vertical_menu_item_tablet&quot;:{&quot;unit&quot;:&quot;px&quot;,&quot;size&quot;:&quot;&quot;,&quot;sizes&quot;:[]},&quot;menu_space_between_tablet&quot;:{&quot;unit&quot;:&quot;px&quot;,&quot;size&quot;:&quot;&quot;,&quot;sizes&quot;:[]},&quot;menu_space_between_mobile&quot;:{&quot;unit&quot;:&quot;px&quot;,&quot;size&quot;:&quot;&quot;,&quot;sizes&quot;:[]},&quot;menu_row_space_tablet&quot;:{&quot;unit&quot;:&quot;px&quot;,&quot;size&quot;:&quot;&quot;,&quot;sizes&quot;:[]},&quot;menu_row_space_mobile&quot;:{&quot;unit&quot;:&quot;px&quot;,&quot;size&quot;:&quot;&quot;,&quot;sizes&quot;:[]},&quot;dropdown_border_radius&quot;:{&quot;unit&quot;:&quot;px&quot;,&quot;top&quot;:&quot;&quot;,&quot;right&quot;:&quot;&quot;,&quot;bottom&quot;:&quot;&quot;,&quot;left&quot;:&quot;&quot;,&quot;isLinked&quot;:true},&quot;dropdown_border_radius_tablet&quot;:{&quot;unit&quot;:&quot;px&quot;,&quot;top&quot;:&quot;&quot;,&quot;right&quot;:&quot;&quot;,&quot;bottom&quot;:&quot;&quot;,&quot;left&quot;:&quot;&quot;,&quot;isLinked&quot;:true},&quot;dropdown_border_radius_mobile&quot;:{&quot;unit&quot;:&quot;px&quot;,&quot;top&quot;:&quot;&quot;,&quot;right&quot;:&quot;&quot;,&quot;bottom&quot;:&quot;&quot;,&quot;left&quot;:&quot;&quot;,&quot;isLinked&quot;:true},&quot;width_dropdown_item&quot;:{&quot;unit&quot;:&quot;px&quot;,&quot;size&quot;:&quot;220&quot;,&quot;sizes&quot;:[]},&quot;width_dropdown_item_tablet&quot;:{&quot;unit&quot;:&quot;px&quot;,&quot;size&quot;:&quot;&quot;,&quot;sizes&quot;:[]},&quot;width_dropdown_item_mobile&quot;:{&quot;unit&quot;:&quot;px&quot;,&quot;size&quot;:&quot;&quot;,&quot;sizes&quot;:[]},&quot;padding_horizontal_dropdown_item&quot;:{&quot;unit&quot;:&quot;px&quot;,&quot;size&quot;:&quot;&quot;,&quot;sizes&quot;:[]},&quot;padding_horizontal_dropdown_item_tablet&quot;:{&quot;unit&quot;:&quot;px&quot;,&quot;size&quot;:&quot;&quot;,&quot;sizes&quot;:[]},&quot;padding_horizontal_dropdown_item_mobile&quot;:{&quot;unit&quot;:&quot;px&quot;,&quot;size&quot;:&quot;&quot;,&quot;sizes&quot;:[]},&quot;padding_vertical_dropdown_item&quot;:{&quot;unit&quot;:&quot;px&quot;,&quot;size&quot;:15,&quot;sizes&quot;:[]},&quot;padding_vertical_dropdown_item_tablet&quot;:{&quot;unit&quot;:&quot;px&quot;,&quot;size&quot;:&quot;&quot;,&quot;sizes&quot;:[]},&quot;padding_vertical_dropdown_item_mobile&quot;:{&quot;unit&quot;:&quot;px&quot;,&quot;size&quot;:&quot;&quot;,&quot;sizes&quot;:[]},&quot;distance_from_menu&quot;:{&quot;unit&quot;:&quot;px&quot;,&quot;size&quot;:&quot;&quot;,&quot;sizes&quot;:[]},&quot;distance_from_menu_tablet&quot;:{&quot;unit&quot;:&quot;px&quot;,&quot;size&quot;:&quot;&quot;,&quot;sizes&quot;:[]},&quot;distance_from_menu_mobile&quot;:{&quot;unit&quot;:&quot;px&quot;,&quot;size&quot;:&quot;&quot;,&quot;sizes&quot;:[]},&quot;toggle_size&quot;:{&quot;unit&quot;:&quot;px&quot;,&quot;size&quot;:&quot;&quot;,&quot;sizes&quot;:[]},&quot;toggle_size_tablet&quot;:{&quot;unit&quot;:&quot;px&quot;,&quot;size&quot;:&quot;&quot;,&quot;sizes&quot;:[]},&quot;toggle_size_mobile&quot;:{&quot;unit&quot;:&quot;px&quot;,&quot;size&quot;:&quot;&quot;,&quot;sizes&quot;:[]},&quot;toggle_border_width&quot;:{&quot;unit&quot;:&quot;px&quot;,&quot;size&quot;:&quot;&quot;,&quot;sizes&quot;:[]},&quot;toggle_border_width_tablet&quot;:{&quot;unit&quot;:&quot;px&quot;,&quot;size&quot;:&quot;&quot;,&quot;sizes&quot;:[]},&quot;toggle_border_width_mobile&quot;:{&quot;unit&quot;:&quot;px&quot;,&quot;size&quot;:&quot;&quot;,&quot;sizes&quot;:[]},&quot;toggle_border_radius&quot;:{&quot;unit&quot;:&quot;px&quot;,&quot;size&quot;:&quot;&quot;,&quot;sizes&quot;:[]},&quot;toggle_border_radius_tablet&quot;:{&quot;unit&quot;:&quot;px&quot;,&quot;size&quot;:&quot;&quot;,&quot;sizes&quot;:[]},&quot;toggle_border_radius_mobile&quot;:{&quot;unit&quot;:&quot;px&quot;,&quot;size&quot;:&quot;&quot;,&quot;sizes&quot;:[]},&quot;padding&quot;:{&quot;unit&quot;:&quot;px&quot;,&quot;top&quot;:&quot;&quot;,&quot;right&quot;:&quot;&quot;,&quot;bottom&quot;:&quot;&quot;,&quot;left&quot;:&quot;&quot;,&quot;isLinked&quot;:true},&quot;padding_tablet&quot;:{&quot;unit&quot;:&quot;px&quot;,&quot;top&quot;:&quot;&quot;,&quot;right&quot;:&quot;&quot;,&quot;bottom&quot;:&quot;&quot;,&quot;left&quot;:&quot;&quot;,&quot;isLinked&quot;:true},&quot;padding_mobile&quot;:{&quot;unit&quot;:&quot;px&quot;,&quot;top&quot;:&quot;&quot;,&quot;right&quot;:&quot;&quot;,&quot;bottom&quot;:&quot;&quot;,&quot;left&quot;:&quot;&quot;,&quot;isLinked&quot;:true}}\" data-widget_type=\"navigation-menu.default\">\n\t\t\t\t<div class=\"elementor-widget-container\">\n\t\t\t\t\t\t\t\t<div class=\"hfe-nav-menu hfe-layout-horizontal hfe-nav-menu-layout horizontal hfe-pointer__underline hfe-animation__fade\" data-layout=\"horizontal\" data-last-item=\"cta\">\n\t\t\t\t<div role=\"button\" class=\"hfe-nav-menu__toggle elementor-clickable\">\n\t\t\t\t\t<span class=\"screen-reader-text\">Menu<\/span>\n\t\t\t\t\t<div class=\"hfe-nav-menu-icon\">\n\t\t\t\t\t\t<svg aria-hidden=\"true\"  class=\"e-font-icon-svg e-fas-align-justify\" viewbox=\"0 0 448 512\" xmlns=\"http:\/\/www.w3.org\/2000\/svg\"><path d=\"M432 416H16a16 16 0 0 0-16 16v32a16 16 0 0 0 16 16h416a16 16 0 0 0 16-16v-32a16 16 0 0 0-16-16zm0-128H16a16 16 0 0 0-16 16v32a16 16 0 0 0 16 16h416a16 16 0 0 0 16-16v-32a16 16 0 0 0-16-16zm0-128H16a16 16 0 0 0-16 16v32a16 16 0 0 0 16 16h416a16 16 0 0 0 16-16v-32a16 16 0 0 0-16-16zm0-128H16A16 16 0 0 0 0 48v32a16 16 0 0 0 16 16h416a16 16 0 0 0 16-16V48a16 16 0 0 0-16-16z\"><\/path><\/svg>\t\t\t\t\t<\/div>\n\t\t\t\t<\/div>\n\t\t\t\t<nav class=\"hfe-nav-menu__layout-horizontal hfe-nav-menu__submenu-arrow\" data-toggle-icon=\"&lt;svg aria-hidden=&quot;true&quot; tabindex=&quot;0&quot; class=&quot;e-font-icon-svg e-fas-align-justify&quot; viewBox=&quot;0 0 448 512&quot; xmlns=&quot;http:\/\/www.w3.org\/2000\/svg&quot;&gt;&lt;path d=&quot;M432 416H16a16 16 0 0 0-16 16v32a16 16 0 0 0 16 16h416a16 16 0 0 0 16-16v-32a16 16 0 0 0-16-16zm0-128H16a16 16 0 0 0-16 16v32a16 16 0 0 0 16 16h416a16 16 0 0 0 16-16v-32a16 16 0 0 0-16-16zm0-128H16a16 16 0 0 0-16 16v32a16 16 0 0 0 16 16h416a16 16 0 0 0 16-16v-32a16 16 0 0 0-16-16zm0-128H16A16 16 0 0 0 0 48v32a16 16 0 0 0 16 16h416a16 16 0 0 0 16-16V48a16 16 0 0 0-16-16z&quot;&gt;&lt;\/path&gt;&lt;\/svg&gt;\" data-close-icon=\"&lt;svg aria-hidden=&quot;true&quot; tabindex=&quot;0&quot; class=&quot;e-font-icon-svg e-far-window-close&quot; viewBox=&quot;0 0 512 512&quot; xmlns=&quot;http:\/\/www.w3.org\/2000\/svg&quot;&gt;&lt;path d=&quot;M464 32H48C21.5 32 0 53.5 0 80v352c0 26.5 21.5 48 48 48h416c26.5 0 48-21.5 48-48V80c0-26.5-21.5-48-48-48zm0 394c0 3.3-2.7 6-6 6H54c-3.3 0-6-2.7-6-6V86c0-3.3 2.7-6 6-6h404c3.3 0 6 2.7 6 6v340zM356.5 194.6L295.1 256l61.4 61.4c4.6 4.6 4.6 12.1 0 16.8l-22.3 22.3c-4.6 4.6-12.1 4.6-16.8 0L256 295.1l-61.4 61.4c-4.6 4.6-12.1 4.6-16.8 0l-22.3-22.3c-4.6-4.6-4.6-12.1 0-16.8l61.4-61.4-61.4-61.4c-4.6-4.6-4.6-12.1 0-16.8l22.3-22.3c4.6-4.6 12.1-4.6 16.8 0l61.4 61.4 61.4-61.4c4.6-4.6 12.1-4.6 16.8 0l22.3 22.3c4.7 4.6 4.7 12.1 0 16.8z&quot;&gt;&lt;\/path&gt;&lt;\/svg&gt;\" data-full-width=\"\">\n\t\t\t\t\t<ul id=\"menu-1-96790f0\" class=\"hfe-nav-menu\"><li id=\"menu-item-4338\" class=\"menu-item menu-item-type-post_type menu-item-object-page menu-item-home parent hfe-creative-menu\"><a href=\"https:\/\/royaloaktennisclub.com\/french\/\" class = \"hfe-menu-item\">Accueil<\/a><\/li>\n<li id=\"menu-item-4470\" class=\"menu-item menu-item-type-post_type menu-item-object-page parent hfe-creative-menu\"><a href=\"https:\/\/royaloaktennisclub.com\/french\/club-info\/\" class = \"hfe-menu-item\">Information<\/a><\/li>\n<li id=\"menu-item-4473\" class=\"menu-item menu-item-type-post_type menu-item-object-page parent hfe-creative-menu\"><a href=\"https:\/\/royaloaktennisclub.com\/french\/tennis\/\" class = \"hfe-menu-item\">Tennis<\/a><\/li>\n<li id=\"menu-item-4471\" class=\"menu-item menu-item-type-post_type menu-item-object-page parent hfe-creative-menu\"><a href=\"https:\/\/royaloaktennisclub.com\/french\/junior-program\/\" class = \"hfe-menu-item\">Program Junior<\/a><\/li>\n<li id=\"menu-item-4492\" class=\"menu-item menu-item-type-post_type menu-item-object-page parent hfe-creative-menu\"><a href=\"https:\/\/royaloaktennisclub.com\/french\/membership-2\/\" class = \"hfe-menu-item\">Adh\u00e9sion<\/a><\/li>\n<li id=\"menu-item-4337\" class=\"menu-item menu-item-type-post_type menu-item-object-page parent hfe-creative-menu\"><a href=\"https:\/\/royaloaktennisclub.com\/french\/contact-us\/\" class = \"hfe-menu-item\">Contactez-nous<\/a><\/li>\n<li id=\"menu-item-5986\" class=\"trp-language-switcher-container menu-item menu-item-type-post_type menu-item-object-language_switcher current-language-menu-item parent hfe-creative-menu\"><a href=\"https:\/\/royaloaktennisclub.com\/french\/wp-json\/wp\/v2\/pages\/4464\" class = \"hfe-menu-item\"><span data-no-translation><img decoding=\"async\" class=\"trp-flag-image\" src=\"https:\/\/royaloaktennisclub.com\/wp-content\/plugins\/translatepress-multilingual\/assets\/images\/flags\/en_US.png\" width=\"18\" height=\"12\" alt=\"en_US\" title=\"English\"><span class=\"trp-ls-language-name\">ENGLISH<\/span><\/span><\/a><\/li>\n<li id=\"menu-item-5525\" class=\"menu-item menu-item-type-post_type menu-item-object-page parent hfe-creative-menu\"><a href=\"https:\/\/royaloaktennisclub.com\/french\/login-page\/\" class = \"hfe-menu-item\">Members Page<\/a><\/li>\n<\/ul> \n\t\t\t\t<\/nav>\n\t\t\t<\/div>\n\t\t\t\t\t\t\t<\/div>\n\t\t\t\t<\/div>\n\t\t\t\t\t<\/div>\n\t\t<\/div>\n\t\t\t\t\t<\/div>\n\t\t<\/section>\n\t\t\t\t<section class=\"elementor-section elementor-top-section elementor-element elementor-element-1ccbff3 elementor-section-boxed elementor-section-height-default elementor-section-height-default\" data-id=\"1ccbff3\" data-element_type=\"section\" data-settings=\"{&quot;background_background&quot;:&quot;classic&quot;}\">\n\t\t\t\t\t\t<div class=\"elementor-container elementor-column-gap-default\">\n\t\t\t\t\t<div class=\"elementor-column elementor-col-100 elementor-top-column elementor-element elementor-element-197c9e6\" data-id=\"197c9e6\" data-element_type=\"column\">\n\t\t\t<div class=\"elementor-widget-wrap elementor-element-populated\">\n\t\t\t\t\t\t<div class=\"elementor-element elementor-element-66d3ccd elementor-widget elementor-widget-text-editor\" data-id=\"66d3ccd\" data-element_type=\"widget\" data-widget_type=\"text-editor.default\">\n\t\t\t\t<div class=\"elementor-widget-container\">\n\t\t\t\t\t\t\t\t\t<h3 class=\"p1\"><strong>PRO<\/strong><\/h3>\t\t\t\t\t\t\t\t<\/div>\n\t\t\t\t<\/div>\n\t\t\t\t\t<\/div>\n\t\t<\/div>\n\t\t\t\t\t<\/div>\n\t\t<\/section>\n\t\t\t\t<section class=\"elementor-section elementor-top-section elementor-element elementor-element-bec9885 elementor-section-content-middle elementor-section-boxed elementor-section-height-default elementor-section-height-default\" data-id=\"bec9885\" data-element_type=\"section\" data-settings=\"{&quot;background_background&quot;:&quot;classic&quot;}\">\n\t\t\t\t\t\t<div class=\"elementor-container elementor-column-gap-default\">\n\t\t\t\t\t<div class=\"elementor-column elementor-col-50 elementor-top-column elementor-element elementor-element-b75fbdf\" data-id=\"b75fbdf\" data-element_type=\"column\">\n\t\t\t<div class=\"elementor-widget-wrap elementor-element-populated\">\n\t\t\t\t\t\t<div class=\"elementor-element elementor-element-2201fe5 elementor-widget__width-initial elementor-widget elementor-widget-image\" data-id=\"2201fe5\" data-element_type=\"widget\" data-widget_type=\"image.default\">\n\t\t\t\t<div class=\"elementor-widget-container\">\n\t\t\t\t\t\t\t\t\t\t\t\t\t\t\t<img decoding=\"async\" width=\"800\" height=\"602\" src=\"https:\/\/royaloaktennisclub.com\/wp-content\/uploads\/2026\/03\/team-cropped-800x602-DCR0RtkY.webp\" class=\"attachment-large size-large wp-image-6701\" alt=\"\" srcset=\"https:\/\/royaloaktennisclub.com\/wp-content\/uploads\/2026\/03\/team-cropped-800x602-DCR0RtkY.webp 800w, https:\/\/royaloaktennisclub.com\/wp-content\/uploads\/2026\/03\/team-cropped-800x602-DCR0RtkY-300x226.webp 300w, https:\/\/royaloaktennisclub.com\/wp-content\/uploads\/2026\/03\/team-cropped-800x602-DCR0RtkY-768x578.webp 768w, https:\/\/royaloaktennisclub.com\/wp-content\/uploads\/2026\/03\/team-cropped-800x602-DCR0RtkY-16x12.webp 16w\" sizes=\"(max-width: 800px) 100vw, 800px\" \/>\t\t\t\t\t\t\t\t\t\t\t\t\t\t\t<\/div>\n\t\t\t\t<\/div>\n\t\t\t\t\t<\/div>\n\t\t<\/div>\n\t\t\t\t<div class=\"elementor-column elementor-col-50 elementor-top-column elementor-element elementor-element-71f67fc\" data-id=\"71f67fc\" data-element_type=\"column\">\n\t\t\t<div class=\"elementor-widget-wrap elementor-element-populated\">\n\t\t\t\t\t\t<div class=\"elementor-element elementor-element-40e9402 elementor-widget__width-initial elementor-widget elementor-widget-text-editor\" data-id=\"40e9402\" data-element_type=\"widget\" data-widget_type=\"text-editor.default\">\n\t\t\t\t<div class=\"elementor-widget-container\">\n\t\t\t\t\t\t\t\t\t<h3 class=\"has-text-align-center\">Farhad Zangana<\/h3><p>Farhad Zangana is a Tennis Canada Level III certified coach with over 25 years of experience developing players of all ages and levels. Through his academy, <span class=\"hover:entity-accent entity-underline inline cursor-pointer align-baseline\"><span class=\"whitespace-normal\">ATFZ Tennis Academy<\/span><\/span>, he has built a reputation in Montreal\u2019s West Island for delivering high-quality, structured training in a fun and dynamic environment. The program emphasizes small group sizes, constant movement, and a strong focus on technical, tactical, and mental development, with pathways for both recreational and competitive players. Farhad has led multiple junior programs and trained elite athletes, while also mentoring coaches and overseeing year-round programming across several locations.<\/p>\t\t\t\t\t\t\t\t<\/div>\n\t\t\t\t<\/div>\n\t\t\t\t\t<\/div>\n\t\t<\/div>\n\t\t\t\t\t<\/div>\n\t\t<\/section>\n\t\t\t\t<section class=\"elementor-section elementor-top-section elementor-element elementor-element-fcde8ce elementor-section-boxed elementor-section-height-default elementor-section-height-default\" data-id=\"fcde8ce\" data-element_type=\"section\" data-settings=\"{&quot;background_background&quot;:&quot;classic&quot;}\">\n\t\t\t\t\t\t<div class=\"elementor-container elementor-column-gap-default\">\n\t\t\t\t\t<div class=\"elementor-column elementor-col-50 elementor-top-column elementor-element elementor-element-44b366a\" data-id=\"44b366a\" data-element_type=\"column\">\n\t\t\t<div class=\"elementor-widget-wrap elementor-element-populated\">\n\t\t\t\t\t\t<div class=\"elementor-element elementor-element-3b3bb76 elementor-widget__width-initial elementor-widget elementor-widget-image\" data-id=\"3b3bb76\" data-element_type=\"widget\" data-widget_type=\"image.default\">\n\t\t\t\t<div class=\"elementor-widget-container\">\n\t\t\t\t\t\t\t\t\t\t\t\t\t\t\t<img loading=\"lazy\" decoding=\"async\" width=\"800\" height=\"924\" src=\"https:\/\/royaloaktennisclub.com\/wp-content\/uploads\/2023\/03\/Linda_Royal_Oak_Tennis_Club-3-887x1024.jpeg\" class=\"attachment-large size-large wp-image-5888\" alt=\"Linda_Royal_Oak_Tennis_Club\" srcset=\"https:\/\/royaloaktennisclub.com\/wp-content\/uploads\/2023\/03\/Linda_Royal_Oak_Tennis_Club-3-887x1024.jpeg 887w, https:\/\/royaloaktennisclub.com\/wp-content\/uploads\/2023\/03\/Linda_Royal_Oak_Tennis_Club-3-260x300.jpeg 260w, https:\/\/royaloaktennisclub.com\/wp-content\/uploads\/2023\/03\/Linda_Royal_Oak_Tennis_Club-3-768x887.jpeg 768w, https:\/\/royaloaktennisclub.com\/wp-content\/uploads\/2023\/03\/Linda_Royal_Oak_Tennis_Club-3-1330x1536.jpeg 1330w, https:\/\/royaloaktennisclub.com\/wp-content\/uploads\/2023\/03\/Linda_Royal_Oak_Tennis_Club-3.jpeg 1561w\" sizes=\"(max-width: 800px) 100vw, 800px\" \/>\t\t\t\t\t\t\t\t\t\t\t\t\t\t\t<\/div>\n\t\t\t\t<\/div>\n\t\t\t\t\t<\/div>\n\t\t<\/div>\n\t\t\t\t<div class=\"elementor-column elementor-col-50 elementor-top-column elementor-element elementor-element-16f05cb\" data-id=\"16f05cb\" data-element_type=\"column\">\n\t\t\t<div class=\"elementor-widget-wrap elementor-element-populated\">\n\t\t\t\t\t\t<div class=\"elementor-element elementor-element-6c3cda6 elementor-widget elementor-widget-text-editor\" data-id=\"6c3cda6\" data-element_type=\"widget\" data-widget_type=\"text-editor.default\">\n\t\t\t\t<div class=\"elementor-widget-container\">\n\t\t\t\t\t\t\t\t\t<h3 class=\"p1\"><strong>Programmes et \u00c9v\u00e9nements<\/strong><\/h3><h5 class=\"p2\"><strong>D'excellentes cliniques sont organis\u00e9es<\/strong><br \/><strong>au Club, <span class=\"s1\">c<\/span>ardio <span class=\"s1\">t<\/span>ennis,<\/strong><br \/><strong>tennis strat\u00e9gique, tennis d\u00e9butant<\/strong><br \/><strong>pour n'en citer que quelques-uns.<\/strong><\/h5>\t\t\t\t\t\t\t\t<\/div>\n\t\t\t\t<\/div>\n\t\t\t\t<div class=\"elementor-element elementor-element-8ada15d elementor-widget elementor-widget-text-editor\" data-id=\"8ada15d\" data-element_type=\"widget\" data-widget_type=\"text-editor.default\">\n\t\t\t\t<div class=\"elementor-widget-container\">\n\t\t\t\t\t\t\t\t\t<h5 class=\"p1\"><strong>Les tournois  \"Round Robins\"  hebdomadaires sont un excellent moyen pour les nouveaux membres de rencontrer d'autres joueurs.<\/strong><\/h5><p class=\"p1\">Une \u00e9chelle de comp\u00e9tition de tennis en simple est une activit\u00e9 populaire.<\/p><p class=\"p1\"><strong>Nous avons deux interclubs de femmes<\/strong><br \/><strong>\u00e9quipes au Royal Oak !<\/strong><\/p><p class=\"p1\">Surveillez les championnats des clubs,<br \/>toujours un moment fort de la saison.<\/p>\t\t\t\t\t\t\t\t<\/div>\n\t\t\t\t<\/div>\n\t\t\t\t\t<\/div>\n\t\t<\/div>\n\t\t\t\t\t<\/div>\n\t\t<\/section>\n\t\t\t\t<section class=\"elementor-section elementor-top-section elementor-element elementor-element-5b7b31b elementor-section-boxed elementor-section-height-default elementor-section-height-default\" data-id=\"5b7b31b\" data-element_type=\"section\" data-settings=\"{&quot;background_background&quot;:&quot;classic&quot;}\">\n\t\t\t\t\t\t<div class=\"elementor-container elementor-column-gap-default\">\n\t\t\t\t\t<div class=\"elementor-column elementor-col-50 elementor-top-column elementor-element elementor-element-0c5e3fc\" data-id=\"0c5e3fc\" data-element_type=\"column\">\n\t\t\t<div class=\"elementor-widget-wrap elementor-element-populated\">\n\t\t\t\t\t\t<div class=\"elementor-element elementor-element-e984a17 elementor-widget__width-initial elementor-widget elementor-widget-image\" data-id=\"e984a17\" data-element_type=\"widget\" data-widget_type=\"image.default\">\n\t\t\t\t<div class=\"elementor-widget-container\">\n\t\t\t\t\t\t\t\t\t\t\t\t\t\t\t<img loading=\"lazy\" decoding=\"async\" width=\"800\" height=\"600\" src=\"https:\/\/royaloaktennisclub.com\/wp-content\/uploads\/2023\/03\/Royal-Oak-Tennis-Club-house.jpg\" class=\"attachment-large size-large wp-image-5288\" alt=\"\" srcset=\"https:\/\/royaloaktennisclub.com\/wp-content\/uploads\/2023\/03\/Royal-Oak-Tennis-Club-house.jpg 960w, https:\/\/royaloaktennisclub.com\/wp-content\/uploads\/2023\/03\/Royal-Oak-Tennis-Club-house-300x225.jpg 300w, https:\/\/royaloaktennisclub.com\/wp-content\/uploads\/2023\/03\/Royal-Oak-Tennis-Club-house-768x576.jpg 768w\" sizes=\"(max-width: 800px) 100vw, 800px\" \/>\t\t\t\t\t\t\t\t\t\t\t\t\t\t\t<\/div>\n\t\t\t\t<\/div>\n\t\t\t\t\t<\/div>\n\t\t<\/div>\n\t\t\t\t<div class=\"elementor-column elementor-col-50 elementor-top-column elementor-element elementor-element-4d0ebb5\" data-id=\"4d0ebb5\" data-element_type=\"column\">\n\t\t\t<div class=\"elementor-widget-wrap elementor-element-populated\">\n\t\t\t\t\t\t<div class=\"elementor-element elementor-element-b506be4 elementor-widget elementor-widget-text-editor\" data-id=\"b506be4\" data-element_type=\"widget\" data-widget_type=\"text-editor.default\">\n\t\t\t\t<div class=\"elementor-widget-container\">\n\t\t\t\t\t\t\t\t\t<h3 class=\"p1\"><b>Horaire de la Court<\/b><\/h3><p><span class=\"s2\">Le syst\u00e8me de rotation des courts est en place pour s'assurer que tous les membres ont une chance de jouer et d'utiliser les courts avec le temps d'attente le plus court possible et d'une mani\u00e8re \u00e9quitable pour tous. Les heures de rotation sont clairement indiqu\u00e9es sur le tableau situ\u00e9 pr\u00e8s des courts.<\/span><\/p><p><span class=\"s2\">Si un membre souhaite utiliser un court en particulier, il peut accrocher sa raquette au crochet pr\u00e9vu \u00e0 cet effet sur le tableau situ\u00e9 pr\u00e8s des courts. Des m\u00e9thodes originales !<\/span><\/p><p><span class=\"s2\">Lorsque l'heure de rotation arrive, le court doit \u00eatre imm\u00e9diatement mis \u00e0 la disposition du membre dont la raquette est accroch\u00e9e au crochet, quel que soit le temps de jeu des occupants du court ou la disponibilit\u00e9 d'un autre court avec la m\u00eame heure de rotation ou une autre heure de rotation.<\/span><\/p><p><span class=\"s2\">Les terrains Har-Tru sont entretenus 3 fois par jour.<\/span><\/p>\t\t\t\t\t\t\t\t<\/div>\n\t\t\t\t<\/div>\n\t\t\t\t\t<\/div>\n\t\t<\/div>\n\t\t\t\t\t<\/div>\n\t\t<\/section>\n\t\t\t\t<\/div>","protected":false},"excerpt":{"rendered":"<p>Menu Home Club Info Tennis Junior Program Membership Contact Us FRENCH Members Page PRO Farhad Zangana Farhad Zangana is a Tennis Canada Level III certified coach with over 25 years of experience developing players of all ages and levels. Through his academy, ATFZ Tennis Academy, he has built a reputation in Montreal\u2019s West Island for [&hellip;]<\/p>","protected":false},"author":4184,"featured_media":0,"parent":0,"menu_order":0,"comment_status":"closed","ping_status":"closed","template":"elementor_header_footer","meta":{"footnotes":""},"class_list":["post-4464","page","type-page","status-publish","hentry"],"_links":{"self":[{"href":"https:\/\/royaloaktennisclub.com\/french\/wp-json\/wp\/v2\/pages\/4464","targetHints":{"allow":["GET"]}}],"collection":[{"href":"https:\/\/royaloaktennisclub.com\/french\/wp-json\/wp\/v2\/pages"}],"about":[{"href":"https:\/\/royaloaktennisclub.com\/french\/wp-json\/wp\/v2\/types\/page"}],"author":[{"embeddable":true,"href":"https:\/\/royaloaktennisclub.com\/french\/wp-json\/wp\/v2\/users\/4184"}],"replies":[{"embeddable":true,"href":"https:\/\/royaloaktennisclub.com\/french\/wp-json\/wp\/v2\/comments?post=4464"}],"version-history":[{"count":202,"href":"https:\/\/royaloaktennisclub.com\/french\/wp-json\/wp\/v2\/pages\/4464\/revisions"}],"predecessor-version":[{"id":6704,"href":"https:\/\/royaloaktennisclub.com\/french\/wp-json\/wp\/v2\/pages\/4464\/revisions\/6704"}],"wp:attachment":[{"href":"https:\/\/royaloaktennisclub.com\/french\/wp-json\/wp\/v2\/media?parent=4464"}],"curies":[{"name":"wp","href":"https:\/\/api.w.org\/{rel}","templated":true}]}}