{"id":54,"date":"2015-04-25T23:40:29","date_gmt":"2015-04-25T23:40:29","guid":{"rendered":"http:\/\/royaloaktennisclub.com\/?page_id=54"},"modified":"2022-05-11T12:32:16","modified_gmt":"2022-05-11T12:32:16","slug":"rules-regulations","status":"publish","type":"page","link":"https:\/\/royaloaktennisclub.com\/french\/about-rotc\/rules-regulations\/","title":{"rendered":"Rules &#038; regulations"},"content":{"rendered":"<figure class=\"wp-block-image size-full\"><a href=\"https:\/\/royaloaktennisclub.com\/wp-content\/uploads\/2022\/05\/Untitled-design-28.png\"><img decoding=\"async\" src=\"https:\/\/royaloaktennisclub.com\/wp-content\/uploads\/2022\/05\/Untitled-design-28.png\" alt=\"\" class=\"wp-image-4113\"\/><\/a><\/figure>\n\n\n\n<p><strong>Recours aux courts<\/strong><\/p>\n\n\n\n<p>Bien que le principe g\u00e9n\u00e9ral soit d'accorder aux membres un temps de jeu d'une heure (en fonction du syst\u00e8me de rotation des courts d\u00e9crit ci-dessous), si les courts sont disponibles \u00e0 la fin du temps imparti, les membres peuvent continuer \u00e0 jouer. Nous encourageons tous les membres \u00e0 faire preuve de courtoisie et de civilit\u00e9.<\/p>\n\n\n\n<p>Le syst\u00e8me de rotation des courts est en place pour s'assurer que tous les membres ont une chance de jouer et d'utiliser les courts avec le temps d'attente le plus court possible et d'une mani\u00e8re \u00e9quitable pour tous. Les heures de rotation sont clairement indiqu\u00e9es sur le tableau situ\u00e9 pr\u00e8s des courts.<\/p>\n\n\n\n<p>Si un membre souhaite utiliser un court particulier, il peut accrocher sa raquette au crochet pr\u00e9vu \u00e0 cet effet sur le tableau situ\u00e9 pr\u00e8s des courts.<\/p>\n\n\n\n<p>Lorsque l'heure de rotation arrive, le court doit \u00eatre imm\u00e9diatement mis \u00e0 la disposition du membre dont la raquette est accroch\u00e9e au crochet, quel que soit le temps de jeu des occupants du court ou la disponibilit\u00e9 d'un autre court avec la m\u00eame heure de rotation ou une autre heure de rotation.<\/p>\n\n\n\n<p>Les courts doivent \u00e9galement \u00eatre disponibles \u00e0 temps pour les Round Robins et les autres \u00e9v\u00e9nements et stages programm\u00e9s.<\/p>\n\n\n\n<p><strong>R\u00c8GLES ET R\u00c8GLEMENTS<\/strong><\/p>\n\n\n\n<p>Utilisation des tribunaux<\/p>\n\n\n\n<p>Bien que le principe g\u00e9n\u00e9ral soit d\u2019accorder aux membres un temps de jeu de 1 heure (selon le syst\u00e8me de rotation des tribunaux d\u00e9crit ci-dessous) si les tribunaux sont disponibles \u00e0 la fin du temps autoris\u00e9, les membres peuvent continuer \u00e0 jouer. Nous encourageons tous les membres \u00e0 faire preuve de courtoisie et de civilit\u00e9 au sujet du processus.<\/p>\n\n\n\n<p>Le syst\u00e8me de rotation des tribunaux est en place pour s\u2019assurer que tous les membres ont la chance de jouer et d\u2019utiliser les tribunaux avec le temps d\u2019attente le plus court possible d\u2019une mani\u00e8re \u00e9quitable pour tous. Les temps de rotation sont clairement indiqu\u00e9s au tableau par les tribunaux :<\/p>\n\n\n\n<p>Si un membre souhaite utiliser un court particulier, il peut accrocher une raquette au crochet appropri\u00e9 sur la planche par les tribunaux.<\/p>\n\n\n\n<p><strong>Court courtesy during play<\/strong><\/p>\n\n\n\n<p>When games are in play on the courts, please be respectful and only pass by courts between points and at the back of the court. For courts 3 and 4 use the side gate behind court 3 and for courts 1 and 2 use the main gate near club house. It is never acceptable to cross the middle of someone\u2019s court or behind when a game is in play.<\/p>\n\n\n\n<p>Tennis balls may be returned to other courts between points by being rolled to the back of the court. It is never acceptable to retrieve your ball on another court while a game is in play.<\/p>\n\n\n\n<p>It is also not acceptable to have children on the courts or court benches unless they are playing.<\/p>\n\n\n\n<p>Please be respectful of others at your club at all times.<\/p>\n\n\n\n<p><strong>Courtoisie du terrain pendant le jeu<\/strong><\/p>\n\n\n\n<p>Lorsque des matchs sont en jeu sur les courts, soyez respectueux et ne passez par les courts qu\u2019entre les points et \u00e0 l\u2019arri\u00e8re du terrain. Pour les courts 3 et 4, utilisez la porte lat\u00e9rale derri\u00e8re le court 3 et pour les courts 1 et 2, utilisez la porte principale pr\u00e8s du club house. Il n\u2019est jamais acceptable de traverser le milieu du terrain de quelqu\u2019un ou derri\u00e8re quand un jeu est en jeu.<\/p>\n\n\n\n<p>Les balles de tennis peuvent \u00eatre retourn\u00e9es sur d\u2019autres courts entre les points en \u00e9tant roul\u00e9es \u00e0 l\u2019arri\u00e8re du court. Il n\u2019est jamais acceptable de r\u00e9cup\u00e9rer sa balle sur un autre terrain pendant qu\u2019un match est en jeu.<\/p>\n\n\n\n<p>Il n\u2019est pas non plus acceptable d\u2019avoir des enfants sur les courts ou les bancs \u00e0 moins qu\u2019ils ne jouent.<\/p>\n\n\n\n<p>S\u2019il vous pla\u00eet \u00eatre respectueux des autres dans votre club en tout temps.<\/p>\n\n\n\n<p><strong>Clubhouse, Courts &amp; Lights<\/strong><\/p>\n\n\n\n<p>Members can help us save energy and costs by restricting the use of the overhead lights to only those in the area on which they are playing.<\/p>\n\n\n\n<p>The court lights must be turned off no later than 10:30 p.m. unless authorized by the President. It is requested that the last person(s) to leave the club after 9:00 p.m. perform a \u201csafety check\u201d of the interior of the clubhouse and ensure all doors are locked. The last player off the court, at night, should turn off the overhead lights by means of the switches (one per court) located on the box outside of the shed.<\/p>\n\n\n\n<p><strong>Clubhouse, Courts &amp; Lumi\u00e8res<\/strong><\/p>\n\n\n\n<p>Les membres peuvent nous aider \u00e0 \u00e9conomiser de l\u2019\u00e9nergie et des co\u00fbts en limitant l\u2019utilisation des plafonniers \u00e0 ceux de la zone sur laquelle ils jouent.<\/p>\n\n\n\n<p>Les lumi\u00e8res du tribunal doivent \u00eatre \u00e9teintes au plus tard \u00e0 10h30 p.m. sauf autorisation du Pr\u00e9sident. Il est demand\u00e9 \u00e0 la ou aux derni\u00e8res personnes \u00e0 quitter le club apr\u00e8s 21h00.m. effectuer un \u00ab&nbsp;contr\u00f4le de s\u00e9curit\u00e9&nbsp;\u00bb de l\u2019int\u00e9rieur du club-house et s\u2019assurer que toutes les portes sont verrouill\u00e9es. Le dernier joueur hors du terrain, la nuit, doit \u00e9teindre les plafonniers au moyen des interrupteurs (un par terrain) situ\u00e9s sur la bo\u00eete \u00e0 l\u2019ext\u00e9rieur du hangar.<\/p>\n\n\n\n<p><strong>Dogs<\/strong><\/p>\n\n\n\n<p>Please note that dogs are not permitted on the tennis club property.<\/p>\n\n\n\n<p><strong>Chiens<\/strong><\/p>\n\n\n\n<p>Veuillez noter que les chiens ne sont pas admis sur la propri\u00e9t\u00e9 du club de tennis.<\/p>","protected":false},"excerpt":{"rendered":"<p>Use of the Courts While the general principle is to allow members court time of 1 hour (depending on the court rotation system outlined below,) if courts are available at the completion of time allowed, members may continue to play. We encourage all members to be courteous and civil about the process. The court rotation [&hellip;]<\/p>\n","protected":false},"author":1,"featured_media":0,"parent":48,"menu_order":0,"comment_status":"closed","ping_status":"open","template":"","meta":{"footnotes":""},"class_list":["post-54","page","type-page","status-publish","hentry"],"_links":{"self":[{"href":"https:\/\/royaloaktennisclub.com\/french\/wp-json\/wp\/v2\/pages\/54","targetHints":{"allow":["GET"]}}],"collection":[{"href":"https:\/\/royaloaktennisclub.com\/french\/wp-json\/wp\/v2\/pages"}],"about":[{"href":"https:\/\/royaloaktennisclub.com\/french\/wp-json\/wp\/v2\/types\/page"}],"author":[{"embeddable":true,"href":"https:\/\/royaloaktennisclub.com\/french\/wp-json\/wp\/v2\/users\/1"}],"replies":[{"embeddable":true,"href":"https:\/\/royaloaktennisclub.com\/french\/wp-json\/wp\/v2\/comments?post=54"}],"version-history":[{"count":15,"href":"https:\/\/royaloaktennisclub.com\/french\/wp-json\/wp\/v2\/pages\/54\/revisions"}],"predecessor-version":[{"id":4114,"href":"https:\/\/royaloaktennisclub.com\/french\/wp-json\/wp\/v2\/pages\/54\/revisions\/4114"}],"up":[{"embeddable":true,"href":"https:\/\/royaloaktennisclub.com\/french\/wp-json\/wp\/v2\/pages\/48"}],"wp:attachment":[{"href":"https:\/\/royaloaktennisclub.com\/french\/wp-json\/wp\/v2\/media?parent=54"}],"curies":[{"name":"wp","href":"https:\/\/api.w.org\/{rel}","templated":true}]}}