{"id":60,"date":"2022-05-05T13:20:00","date_gmt":"2022-05-05T13:20:00","guid":{"rendered":"http:\/\/royaloaktennisclub.com\/?page_id=60"},"modified":"2022-05-25T19:21:00","modified_gmt":"2022-05-25T19:21:00","slug":"membership-categories","status":"publish","type":"page","link":"https:\/\/royaloaktennisclub.com\/french\/become-a-member\/membership-categories\/","title":{"rendered":"Membership categories &#8211;"},"content":{"rendered":"<figure class=\"wp-block-image size-full\"><a href=\"https:\/\/royaloaktennisclub.com\/wp-content\/uploads\/2022\/05\/Untitled-design-29.png\"><img decoding=\"async\" src=\"https:\/\/royaloaktennisclub.com\/wp-content\/uploads\/2022\/05\/Untitled-design-29.png\" alt=\"\" class=\"wp-image-4115\"\/><\/a><\/figure>\n\n\n\n<h1 class=\"wp-block-heading\">Membership category prices<\/h1>\n\n\n\n<h3 class=\"wp-block-heading\">Senior<\/h3>\n\n\n\n<ul class=\"wp-block-list\"><li>Un membre senior est \u00e2g\u00e9 de plus de 28 ans au 1er janvier de l'ann\u00e9e civile en cours.<\/li><li>Frais initiaux de 440 $, payables sur 2 ans<\/li><li>325 $ Cotisation annuelle<\/li><li>Senior+ Un membre senior+ est \u00e2g\u00e9 de plus de 80 ans au 1er janvier de l'ann\u00e9e civile en cours.<\/li><li>$440 &nbsp;initiation fee payable over 2 years.<\/li><li>88 $ Cotisations annuelles<\/li><\/ul>\n\n\n\n<h3 class=\"wp-block-heading\">Interm\u00e9diaire <\/h3>\n\n\n\n<ul class=\"wp-block-list\"><li>Un membre interm\u00e9diaire est \u00e2g\u00e9 de 17 \u00e0 28 ans au 1er janvier de l'ann\u00e9e civile en cours.<\/li><\/ul>\n\n\n\n<ul class=\"wp-block-list\"><li>Pas de frais d'inscription.<\/li><li>209 $ Cotisations annuelles<\/li><\/ul>\n\n\n\n<p><strong>Junior <\/strong><\/p>\n\n\n\n<p>A junior member has not reached the age of 17 as of January 1st of current calendar year.<\/p>\n\n\n\n<ul class=\"wp-block-list\"><li>Pas de frais d'inscription.<\/li><li>Annual Dues $85.00<\/li><\/ul>\n\n\n\n<ul class=\"wp-block-list\"><li>A child aged less than 10 years old who is present on Club property and not registered in any of the Club\u2019s programs or lessons must be under adult supervision.<\/li><\/ul>\n\n\n\n<p><strong>Membre social <\/strong><\/p>\n\n\n\n<p>A social member is entitled to play at the club five times, including round robins and social events. They may not attend clinics or take private lessons. Not entitled to vote or attend any club meetings<\/p>\n\n\n\n<ul class=\"wp-block-list\"><li>Pas de frais d'initiation.<\/li><li>Les frais d'initiation doivent \u00eatre pay\u00e9s pour passer \u00e0 une adh\u00e9sion senior compl\u00e8te.<\/li><li>Un membre senior peut temporairement devenir membre social en raison d'une maladie, d'une blessure ou d'autres circonstances extraordinaires, avec l'approbation du comit\u00e9 ex\u00e9cutif.<\/li><li>Cotisation annuelle : 100 $<\/li><\/ul>\n\n\n\n<h2 class=\"wp-block-heading\"><strong>CAT\u00c9GORIES D\u2019ADH\u00c9SION <\/strong><\/h2>\n\n\n\n<p><strong>Membre social<\/strong> <\/p>\n\n\n\n<p>Un membre social a le droit de jouer au club cinq fois, y compris des tournois \u00e0 la ronde et des \u00e9v\u00e9nements sociaux. Ils ne peuvent pas assister \u00e0 des cliniques ou prendre des cours particuliers. N\u2019a pas le droit de voter ou d\u2019assister \u00e0 des r\u00e9unions de club<\/p>\n\n\n\n<p>\u2022 Pas de frais d\u2019initiation<\/p>\n\n\n\n<p>\u2022 Les frais d\u2019initiation doivent \u00eatre pay\u00e9s pour \u00eatre transf\u00e9r\u00e9s \u00e0 un membre senior \u00e0 part enti\u00e8re<\/p>\n\n\n\n<p>\u2022 Un membre senior peut temporairement changer d\u2019adh\u00e9sion sociale en raison d\u2019une maladie, d\u2019une blessure ou d\u2019autres circonstances extraordinaires avec l\u2019approbation du Comit\u00e9 ex\u00e9cutif<\/p>\n\n\n\n<p>$100 cotisations annuelles<\/p>\n\n\n\n<p><strong>Sup\u00e9rieur<\/strong><\/p>\n\n\n\n<p>\u2022 Un membre senior est \u00e2g\u00e9 de plus de 28 ans au 1er janvier de l\u2019ann\u00e9e civile en cours.<\/p>\n\n\n\n<p>\u2022 $440 frais d\u2019initiation payables sur 2 ans.<\/p>\n\n\n\n<p>$325 Cotisations annuelles<\/p>\n\n\n\n<p><strong>Senior+<\/strong> <\/p>\n\n\n\n<p>Un membre senior+ est \u00e2g\u00e9 de plus de 80 ans au 1er janvier de l\u2019ann\u00e9e civile en cours.<\/p>\n\n\n\n<p>\u2022 $440 frais d\u2019initiation payables sur 2 ans.<\/p>\n\n\n\n<p>\u2022 $88 Cotisations annuelles<\/p>\n\n\n\n<p><strong>Interm\u00e9diaire <\/strong><\/p>\n\n\n\n<p>Un membre interm\u00e9diaire est \u00e2g\u00e9 de 17 \u00e0 28 ans au 1er janvier de l\u2019ann\u00e9e civile en cours<strong>.<\/strong><\/p>\n\n\n\n<p>\u2022 Pas de frais d\u2019initiation.<\/p>\n\n\n\n<p>\u2022 $209 Cotisations annuelles<\/p>\n\n\n\n<p><\/p>\n\n\n\n<p><strong>Junior<\/strong><\/p>\n\n\n\n<p> Un enfant \u00e2g\u00e9 de moins de10 ans qui est pr\u00e9sent sur la propri\u00e9t\u00e9 du Club et qui n\u2019est inscrit \u00e0 aucun des programmes ou le\u00e7ons du Club doit \u00eatre sous la surveillance d\u2019un adulte.<\/p>\n\n\n\n<p>$85 Cotisations annuelles<\/p>","protected":false},"excerpt":{"rendered":"<p>Membership category prices Senior A senior member is over the age of 28 as of January 1st of current calendar year. $440 Initiation Fee, payable over 2 years $325 Annual Dues Senior+ A senior+ member is over the age of&nbsp;80 as of January 1st&nbsp;of current calendar year. $440 &nbsp;initiation fee payable over 2 years. $88 [&hellip;]<\/p>","protected":false},"author":1,"featured_media":0,"parent":56,"menu_order":0,"comment_status":"closed","ping_status":"open","template":"","meta":{"footnotes":""},"class_list":["post-60","page","type-page","status-publish","hentry"],"_links":{"self":[{"href":"https:\/\/royaloaktennisclub.com\/french\/wp-json\/wp\/v2\/pages\/60","targetHints":{"allow":["GET"]}}],"collection":[{"href":"https:\/\/royaloaktennisclub.com\/french\/wp-json\/wp\/v2\/pages"}],"about":[{"href":"https:\/\/royaloaktennisclub.com\/french\/wp-json\/wp\/v2\/types\/page"}],"author":[{"embeddable":true,"href":"https:\/\/royaloaktennisclub.com\/french\/wp-json\/wp\/v2\/users\/1"}],"replies":[{"embeddable":true,"href":"https:\/\/royaloaktennisclub.com\/french\/wp-json\/wp\/v2\/comments?post=60"}],"version-history":[{"count":51,"href":"https:\/\/royaloaktennisclub.com\/french\/wp-json\/wp\/v2\/pages\/60\/revisions"}],"predecessor-version":[{"id":4204,"href":"https:\/\/royaloaktennisclub.com\/french\/wp-json\/wp\/v2\/pages\/60\/revisions\/4204"}],"up":[{"embeddable":true,"href":"https:\/\/royaloaktennisclub.com\/french\/wp-json\/wp\/v2\/pages\/56"}],"wp:attachment":[{"href":"https:\/\/royaloaktennisclub.com\/french\/wp-json\/wp\/v2\/media?parent=60"}],"curies":[{"name":"wp","href":"https:\/\/api.w.org\/{rel}","templated":true}]}}